{"id":527,"date":"2025-11-06T15:40:05","date_gmt":"2025-11-06T14:40:05","guid":{"rendered":"https:\/\/terssacevents.fr\/?page_id=527"},"modified":"2026-03-21T11:10:17","modified_gmt":"2026-03-21T10:10:17","slug":"chorale","status":"publish","type":"page","link":"https:\/\/terssacevents.fr\/index.php\/chorale\/","title":{"rendered":"CHORALE"},"content":{"rendered":"\n<p class=\"has-text-align-center has-accent-color has-text-color has-link-color has-x-large-font-size wp-elements-467eb9200dc27557fe7b781ccc3231f6\">Terssac Events pr\u00e9sente Terssac en voix Chorale Pop Rock et pas que&#8230;<\/p>\n\n\n\n<p class=\"has-text-align-center has-accent-color has-text-color has-link-color has-x-large-font-size wp-elements-895f5838fff800ed784856f0a22d64e6\"><strong>NOUVEAU RENTREE LUNDI 7 SEPTEMBRE 2026<\/strong><\/p>\n\n\n\n<h2 class=\"wp-block-heading has-text-align-center has-x-large-font-size\">\ud83c\udfa4 Terssac en voix : La Chorale qui va faire vibrer la sc\u00e8ne ! \ud83c\udfb6<\/h2>\n\n\n\n<p><strong>Terssac en voix<\/strong>, pr\u00e9sent\u00e9e par <strong>Terssac Events<\/strong>, sera bien plus qu&rsquo;une simple chorale ! Ce sera un ensemble vocal dynamique et passionn\u00e9, qui fera la part belle au <strong>pop-rock<\/strong>&#8230; mais pas que !<\/p>\n\n\n\n<p>Oubliez les clich\u00e9s : ici, les voix s&rsquo;unissent pour revisiter les plus grands succ\u00e8s de la musique, allant du rock entra\u00eenant aux m\u00e9lodies pop incontournables, tout en s&rsquo;autorisant des d\u00e9tours par d&rsquo;autres styles riches en \u00e9motion. Attendez-vous \u00e0 des arrangements surprenants, pleins d&rsquo;\u00e9nergie et de bonne humeur.<\/p>\n\n\n\n<p>Sous la direction inspir\u00e9e de son <strong>Chef de ch\u0153ur, JP Ferrand<\/strong>, Terssac en voix offrira des performances vibrantes, alliant technique vocale et plaisir du partage.<\/p>\n\n\n\n<h3 class=\"wp-block-heading\"><strong>Rejoignez-nous !<\/strong><\/h3>\n\n\n\n<ul class=\"wp-block-list\">\n<li><strong>R\u00e9p\u00e9titions \u00e0 partir du 7 septembre 2026 :<\/strong> Tous les lundis, de <strong>20h00 \u00e0 22h00<\/strong>.<\/li>\n\n\n\n<li><strong>Lieu :<\/strong> Salle du Pastel de Terssac.<\/li>\n<\/ul>\n\n\n\n<p>Que vous soyez amateur de musique rythm\u00e9e ou \u00e0 la recherche d&rsquo;une exp\u00e9rience chorale moderne, <strong>Terssac en voix<\/strong> vous promet un moment inoubliable.<\/p>\n\n\n\n<p><strong>Pr\u00e9-inscription possible par mail ou t\u00e9l\u00e9phone (terssac.events@gmail.com ou 06 62 73 15 79)<\/strong><\/p>\n\n\n\n<p>Venez d\u00e9couvrir cette chorale singuli\u00e8re et laissez-vous emporter par la puissance et la diversit\u00e9.<\/p>\n\n\n<div class=\"wp-block-image\">\n<figure class=\"aligncenter size-full\"><img loading=\"lazy\" decoding=\"async\" width=\"703\" height=\"703\" src=\"https:\/\/terssacevents.fr\/wp-content\/uploads\/2025\/11\/Bleu-turquoise-et-pas-que-Bleu.jpg\" alt=\"\" class=\"wp-image-530\" srcset=\"https:\/\/terssacevents.fr\/wp-content\/uploads\/2025\/11\/Bleu-turquoise-et-pas-que-Bleu.jpg 703w, https:\/\/terssacevents.fr\/wp-content\/uploads\/2025\/11\/Bleu-turquoise-et-pas-que-Bleu-300x300.jpg 300w, https:\/\/terssacevents.fr\/wp-content\/uploads\/2025\/11\/Bleu-turquoise-et-pas-que-Bleu-150x150.jpg 150w\" sizes=\"auto, (max-width: 703px) 100vw, 703px\" \/><\/figure>\n<\/div>","protected":false},"excerpt":{"rendered":"<p>Terssac Events pr\u00e9sente Terssac en voix Chorale Pop Rock et pas que&#8230; NOUVEAU RENTREE LUNDI 7 SEPTEMBRE 2026 \ud83c\udfa4 Terssac en voix : La Chorale qui va faire vibrer la &#8230; <a title=\"CHORALE\" class=\"read-more\" href=\"https:\/\/terssacevents.fr\/index.php\/chorale\/\" aria-label=\"En savoir plus sur CHORALE\">Lire la suite<\/a><\/p>\n","protected":false},"author":2,"featured_media":0,"parent":0,"menu_order":0,"comment_status":"closed","ping_status":"closed","template":"","meta":{"footnotes":""},"class_list":["post-527","page","type-page","status-publish"],"_links":{"self":[{"href":"https:\/\/terssacevents.fr\/index.php\/wp-json\/wp\/v2\/pages\/527","targetHints":{"allow":["GET"]}}],"collection":[{"href":"https:\/\/terssacevents.fr\/index.php\/wp-json\/wp\/v2\/pages"}],"about":[{"href":"https:\/\/terssacevents.fr\/index.php\/wp-json\/wp\/v2\/types\/page"}],"author":[{"embeddable":true,"href":"https:\/\/terssacevents.fr\/index.php\/wp-json\/wp\/v2\/users\/2"}],"replies":[{"embeddable":true,"href":"https:\/\/terssacevents.fr\/index.php\/wp-json\/wp\/v2\/comments?post=527"}],"version-history":[{"count":8,"href":"https:\/\/terssacevents.fr\/index.php\/wp-json\/wp\/v2\/pages\/527\/revisions"}],"predecessor-version":[{"id":597,"href":"https:\/\/terssacevents.fr\/index.php\/wp-json\/wp\/v2\/pages\/527\/revisions\/597"}],"wp:attachment":[{"href":"https:\/\/terssacevents.fr\/index.php\/wp-json\/wp\/v2\/media?parent=527"}],"curies":[{"name":"wp","href":"https:\/\/api.w.org\/{rel}","templated":true}]}}