{"id":17,"date":"2024-02-21T01:32:54","date_gmt":"2024-02-21T00:32:54","guid":{"rendered":"https:\/\/terssacevents.fr\/?page_id=17"},"modified":"2026-03-21T11:13:59","modified_gmt":"2026-03-21T10:13:59","slug":"bourse-jouet","status":"publish","type":"page","link":"https:\/\/terssacevents.fr\/index.php\/bourse-jouet\/","title":{"rendered":"BOURSE AUX JOUETS 2026"},"content":{"rendered":"\n<hr class=\"wp-block-separator has-alpha-channel-opacity\"\/>\n\n\n\n<h2 class=\"wp-block-heading has-text-align-center\"><strong>Prochaine \u00e9dition<\/strong> <strong>Dimanche 06 d\u00e9cembre<\/strong> <strong>2026<\/strong><\/h2>\n\n\n\n<h2 class=\"wp-block-heading has-text-align-center\"><strong>Ouverture public 08h30 \u00e0 17h00<\/strong> <\/h2>\n\n\n\n<p class=\"has-text-align-center\">N&rsquo;oubliez pas le spectacle musical qui sera pr\u00e9sent\u00e9 par l&rsquo;union musicale de Carmaux 17 musiciens. Salle du Pr\u00e9au le dimanche 6 d\u00e9cembre \u00e0 15h00 spectacle tout public. Entr\u00e9e gratuite<\/p>\n\n\n\n<p class=\"has-text-align-center\">(Voir programme ci-dessous)<\/p>\n\n\n\n<p><\/p>\n\n\n\n<hr class=\"wp-block-separator has-alpha-channel-opacity\"\/>\n\n\n\n<p class=\"has-text-align-center has-base-3-color has-text-color has-link-color wp-elements-ad6e88b1d1f6aa5361312042b27d5101\">.<\/p>\n\n\n\n<hr class=\"wp-block-separator aligncenter has-alpha-channel-opacity is-style-wide\"\/>\n\n\n\n<div class=\"wp-block-group\"><div class=\"wp-block-group__inner-container is-layout-constrained wp-block-group-is-layout-constrained\">\n<h2 class=\"wp-block-heading has-text-align-center\"><strong>Bulletin d&rsquo;inscription \u00e0 imprimer et remplir<\/strong><\/h2>\n\n\n\n<div class=\"wp-block-file aligncenter\"><a id=\"wp-block-file--media-7c0b8007-58da-4be6-88b3-dafbedc7e435\" href=\"https:\/\/terssacevents.fr\/wp-content\/uploads\/2025\/09\/Inscription-bourse-jouet-2025.pdf\">Inscription bourse jouet 2025<\/a><a href=\"https:\/\/terssacevents.fr\/wp-content\/uploads\/2025\/09\/Inscription-bourse-jouet-2025.pdf\" class=\"wp-block-file__button wp-element-button\" download aria-describedby=\"wp-block-file--media-7c0b8007-58da-4be6-88b3-dafbedc7e435\">T\u00e9l\u00e9charger<\/a><\/div>\n<\/div><\/div>\n\n\n\n<hr class=\"wp-block-separator has-alpha-channel-opacity\"\/>\n\n\n\n<hr class=\"wp-block-separator has-alpha-channel-opacity\"\/>\n\n\n\n<hr class=\"wp-block-separator has-alpha-channel-opacity\"\/>\n\n\n<div class=\"wp-block-image\">\n<figure class=\"aligncenter size-large\"><img loading=\"lazy\" decoding=\"async\" width=\"722\" height=\"1024\" src=\"https:\/\/terssacevents.fr\/wp-content\/uploads\/2025\/09\/Partenaires-site-722x1024.jpg\" alt=\"\" class=\"wp-image-476\" srcset=\"https:\/\/terssacevents.fr\/wp-content\/uploads\/2025\/09\/Partenaires-site-722x1024.jpg 722w, https:\/\/terssacevents.fr\/wp-content\/uploads\/2025\/09\/Partenaires-site-212x300.jpg 212w, https:\/\/terssacevents.fr\/wp-content\/uploads\/2025\/09\/Partenaires-site-768x1089.jpg 768w, https:\/\/terssacevents.fr\/wp-content\/uploads\/2025\/09\/Partenaires-site.jpg 992w\" sizes=\"auto, (max-width: 722px) 100vw, 722px\" \/><\/figure>\n<\/div>\n\n\n<hr class=\"wp-block-separator has-alpha-channel-opacity\"\/>\n\n\n<div class=\"wp-block-image\">\n<figure class=\"aligncenter size-full\"><img loading=\"lazy\" decoding=\"async\" width=\"501\" height=\"498\" src=\"https:\/\/terssacevents.fr\/wp-content\/uploads\/2024\/02\/Logo_jpg-removebg-previ.png\" alt=\"\" class=\"wp-image-114\" srcset=\"https:\/\/terssacevents.fr\/wp-content\/uploads\/2024\/02\/Logo_jpg-removebg-previ.png 501w, https:\/\/terssacevents.fr\/wp-content\/uploads\/2024\/02\/Logo_jpg-removebg-previ-300x298.png 300w, https:\/\/terssacevents.fr\/wp-content\/uploads\/2024\/02\/Logo_jpg-removebg-previ-150x150.png 150w\" sizes=\"auto, (max-width: 501px) 100vw, 501px\" \/><\/figure>\n<\/div>\n\n\n<hr class=\"wp-block-separator has-alpha-channel-opacity\"\/>\n","protected":false},"excerpt":{"rendered":"<p>Prochaine \u00e9dition Dimanche 06 d\u00e9cembre 2026 Ouverture public 08h30 \u00e0 17h00 N&rsquo;oubliez pas le spectacle musical qui sera pr\u00e9sent\u00e9 par l&rsquo;union musicale de Carmaux 17 musiciens. Salle du Pr\u00e9au le &#8230; <a title=\"BOURSE AUX JOUETS 2026\" class=\"read-more\" href=\"https:\/\/terssacevents.fr\/index.php\/bourse-jouet\/\" aria-label=\"En savoir plus sur BOURSE AUX JOUETS 2026\">Lire la suite<\/a><\/p>\n","protected":false},"author":1,"featured_media":0,"parent":0,"menu_order":0,"comment_status":"closed","ping_status":"closed","template":"","meta":{"footnotes":""},"class_list":["post-17","page","type-page","status-publish"],"_links":{"self":[{"href":"https:\/\/terssacevents.fr\/index.php\/wp-json\/wp\/v2\/pages\/17","targetHints":{"allow":["GET"]}}],"collection":[{"href":"https:\/\/terssacevents.fr\/index.php\/wp-json\/wp\/v2\/pages"}],"about":[{"href":"https:\/\/terssacevents.fr\/index.php\/wp-json\/wp\/v2\/types\/page"}],"author":[{"embeddable":true,"href":"https:\/\/terssacevents.fr\/index.php\/wp-json\/wp\/v2\/users\/1"}],"replies":[{"embeddable":true,"href":"https:\/\/terssacevents.fr\/index.php\/wp-json\/wp\/v2\/comments?post=17"}],"version-history":[{"count":59,"href":"https:\/\/terssacevents.fr\/index.php\/wp-json\/wp\/v2\/pages\/17\/revisions"}],"predecessor-version":[{"id":599,"href":"https:\/\/terssacevents.fr\/index.php\/wp-json\/wp\/v2\/pages\/17\/revisions\/599"}],"wp:attachment":[{"href":"https:\/\/terssacevents.fr\/index.php\/wp-json\/wp\/v2\/media?parent=17"}],"curies":[{"name":"wp","href":"https:\/\/api.w.org\/{rel}","templated":true}]}}